{"id":24972,"date":"2024-08-28T15:42:57","date_gmt":"2024-08-28T13:42:57","guid":{"rendered":"https:\/\/pointofnew.at\/innovation-coaching\/"},"modified":"2026-03-06T13:08:56","modified_gmt":"2026-03-06T11:08:56","slug":"innovation-coaching","status":"publish","type":"page","link":"https:\/\/pointofnew.at\/en\/business-model-innovation-services\/innovation-coaching\/","title":{"rendered":"Innovation Coaching"},"content":{"rendered":"<p>Our tailored innovation coaching provides targeted support for executives and teams to foster an innovation-driven culture and successfully implement innovation projects. Through one-to-one and team coaching, strategic consulting, change management, and continuous feedback, we help you overcome internal resistance and ensure sustainable development. Our coaching sessions are designed to equip you with the strategies and tools required for effective leadership and project execution.  <\/p>\n<h2\n\t\t\t>Content and activities<br \/>\n<\/h2>\n<figure><img decoding=\"async\" width=\"83\" height=\"71\" src=\"https:\/\/pointofnew.at\/wp-content\/uploads\/2024\/08\/01-Blue-Steps.svg\" alt=\"01 Blue Steps\" \/><\/figure>\n<h5>One-to-one and team coaching<\/h5>\n<p>Individual support for executives and teams in innovation initiatives.<\/p>\n<figure><img decoding=\"async\" width=\"83\" height=\"71\" src=\"https:\/\/pointofnew.at\/wp-content\/uploads\/2024\/08\/02-Blue-Steps.svg\" alt=\"02 Blue Steps\" \/><\/figure>\n<h5>Strategy consulting<\/h5>\n<p>Support in developing and implementing innovation strategies.<\/p>\n<figure><img decoding=\"async\" width=\"83\" height=\"71\" src=\"https:\/\/pointofnew.at\/wp-content\/uploads\/2024\/08\/03-Blue-Steps.svg\" alt=\"03 Blue Steps\" \/><\/figure>\n<h5>Change management<\/h5>\n<p>Support for change processes and overcoming resistance.<\/p>\n<figure><img loading=\"lazy\" decoding=\"async\" width=\"83\" height=\"71\" src=\"https:\/\/pointofnew.at\/wp-content\/uploads\/2024\/08\/04-Blue-Steps.svg\" alt=\"04 Blue Steps\" \/><\/figure>\n<h5>Feedback and reflection<\/h5>\n<p>Regular feedback and reflection sessions for continuous improvement.<\/p>\n<p>\t\t\t\t\t\t\t\t\t\t\t\t\t\t\t<img loading=\"lazy\" decoding=\"async\" width=\"1280\" height=\"853\" src=\"https:\/\/pointofnew.at\/wp-content\/uploads\/2024\/08\/Gross-businesswoman-working-on-laptop-in-meeting-2023-11-27-05-21-56-utc.webp\" alt=\"Ein Innovations coaching unterst\u00fctzt F\u00fchrungskr\u00e4fte bei der Umsetzung von Innovationsstrategien.\" srcset=\"https:\/\/pointofnew.at\/wp-content\/uploads\/2024\/08\/Gross-businesswoman-working-on-laptop-in-meeting-2023-11-27-05-21-56-utc.webp 1280w, https:\/\/pointofnew.at\/wp-content\/uploads\/2024\/08\/Gross-businesswoman-working-on-laptop-in-meeting-2023-11-27-05-21-56-utc-768x512.jpeg 768w, https:\/\/pointofnew.at\/wp-content\/uploads\/2024\/08\/Gross-businesswoman-working-on-laptop-in-meeting-2023-11-27-05-21-56-utc-370x247.jpeg 370w, https:\/\/pointofnew.at\/wp-content\/uploads\/2024\/08\/Gross-businesswoman-working-on-laptop-in-meeting-2023-11-27-05-21-56-utc-840x560.webp 840w, https:\/\/pointofnew.at\/wp-content\/uploads\/2024\/08\/Gross-businesswoman-working-on-laptop-in-meeting-2023-11-27-05-21-56-utc-410x273.jpeg 410w\" sizes=\"(max-width: 1280px) 100vw, 1280px\" \/>\t\t\t\t\t\t\t\t\t\t\t\t\t\t\t<\/p>\n<h2>Challenges<\/h2>\n<p>\t\t\t\t<svg aria-hidden=\"true\" viewBox=\"0 0 448 512\" xmlns=\"http:\/\/www.w3.org\/2000\/svg\"><path d=\"M190.5 66.9l22.2-22.2c9.4-9.4 24.6-9.4 33.9 0L441 239c9.4 9.4 9.4 24.6 0 33.9L246.6 467.3c-9.4 9.4-24.6 9.4-33.9 0l-22.2-22.2c-9.5-9.5-9.3-25 .4-34.3L311.4 296H24c-13.3 0-24-10.7-24-24v-32c0-13.3 10.7-24 24-24h287.4L190.9 101.2c-9.8-9.3-10-24.8-.4-34.3z\"><\/path><\/svg>\t\t\t\t<\/p>\n<h5>\n\t\t\t\t\t\t\tBuilding trust and openness between coach and coachee<br \/>\n\t\t\t\t\t<\/h5>\n<p>\t\t\t\t<svg aria-hidden=\"true\" viewBox=\"0 0 448 512\" xmlns=\"http:\/\/www.w3.org\/2000\/svg\"><path d=\"M190.5 66.9l22.2-22.2c9.4-9.4 24.6-9.4 33.9 0L441 239c9.4 9.4 9.4 24.6 0 33.9L246.6 467.3c-9.4 9.4-24.6 9.4-33.9 0l-22.2-22.2c-9.5-9.5-9.3-25 .4-34.3L311.4 296H24c-13.3 0-24-10.7-24-24v-32c0-13.3 10.7-24 24-24h287.4L190.9 101.2c-9.8-9.3-10-24.8-.4-34.3z\"><\/path><\/svg>\t\t\t\t<\/p>\n<h5>\n\t\t\t\t\t\t\tAdapting the coaching to specific needs and challenges<br \/>\n\t\t\t\t\t<\/h5>\n<p>\t\t\t\t<svg aria-hidden=\"true\" viewBox=\"0 0 448 512\" xmlns=\"http:\/\/www.w3.org\/2000\/svg\"><path d=\"M190.5 66.9l22.2-22.2c9.4-9.4 24.6-9.4 33.9 0L441 239c9.4 9.4 9.4 24.6 0 33.9L246.6 467.3c-9.4 9.4-24.6 9.4-33.9 0l-22.2-22.2c-9.5-9.5-9.3-25 .4-34.3L311.4 296H24c-13.3 0-24-10.7-24-24v-32c0-13.3 10.7-24 24-24h287.4L190.9 101.2c-9.8-9.3-10-24.8-.4-34.3z\"><\/path><\/svg>\t\t\t\t<\/p>\n<h5>\n\t\t\t\t\t\t\tEnsuring sustainable change and development<br \/>\n\t\t\t\t\t<\/h5>\n<h2>Clear Results<\/h2>\n<p>As part of our innovation coaching, you receive detailed, personalised outcomes tailored to the specific needs of your executives and teams. These include comprehensive coaching reports, strategically developed innovation plans, and change management plans that help you successfully implement your innovation projects.  <\/p>\n<p>Regular feedback documentation ensures that the coaching process is continuously optimised to achieve the best results for your organisation. These clear outcomes support you in building a sustainable innovation culture and effectively realising your innovation initiatives.\n<\/p>\n<h5>\n\t\t\t\t\t\t\tCoaching reports<br \/>\n\t\t\t\t\t<\/h5>\n<p>\n\t\t\t\t\t\tDetailed documentation of the coaching sessions and progress.\t\t\t\t\t<\/p>\n<h5>\n\t\t\t\t\t\t\tStrategy plans<br \/>\n\t\t\t\t\t<\/h5>\n<p>\n\t\t\t\t\t\tDeveloped and documented innovation strategies.\t\t\t\t\t<\/p>\n<h5>\n\t\t\t\t\t\t\tChange management plans<br \/>\n\t\t\t\t\t<\/h5>\n<p>\n\t\t\t\t\t\tPlans for implementing and supporting change processes.\t\t\t\t\t<\/p>\n<h5>\n\t\t\t\t\t\t\tFeedback documentation<br \/>\n\t\t\t\t\t<\/h5>\n<p>\n\t\t\t\t\t\tRegular reports on feedback and reflection on progress.\t\t\t\t\t<\/p>\n<p>\t\t\t\t\tFrequently asked questions<\/p>\n<h2\n\t\t\t>FAQ<\/h2>\n<h6 id=\"elementor-tab-title-1641\" data-tab=\"1\" role=\"button\" aria-controls=\"elementor-tab-content-1641\" aria-expanded=\"false\">\n\t\t\t\t\t\t\t\t\t\t\t\t\t\t\t<svg viewBox=\"0 0 448 512\" xmlns=\"http:\/\/www.w3.org\/2000\/svg\"><path d=\"M416 208H272V64c0-17.67-14.33-32-32-32h-32c-17.67 0-32 14.33-32 32v144H32c-17.67 0-32 14.33-32 32v32c0 17.67 14.33 32 32 32h144v144c0 17.67 14.33 32 32 32h32c17.67 0 32-14.33 32-32V304h144c17.67 0 32-14.33 32-32v-32c0-17.67-14.33-32-32-32z\"><\/path><\/svg><br \/>\n\t\t\t\t\t\t\t\t<svg viewBox=\"0 0 448 512\" xmlns=\"http:\/\/www.w3.org\/2000\/svg\"><path d=\"M416 208H32c-17.67 0-32 14.33-32 32v32c0 17.67 14.33 32 32 32h384c17.67 0 32-14.33 32-32v-32c0-17.67-14.33-32-32-32z\"><\/path><\/svg><br \/>\n\t\t\t\t\t\t\t\t\t\t\t\t<a tabindex=\"0\">How does innovation coaching differ from other forms of coaching?<\/a><br \/>\n\t\t\t\t\t<\/h6>\n<p>Innovation coaching focuses specifically on promoting innovation processes and implementing innovation projects within the organisation.<\/p>\n<h6 id=\"elementor-tab-title-1642\" data-tab=\"2\" role=\"button\" aria-controls=\"elementor-tab-content-1642\" aria-expanded=\"false\">\n\t\t\t\t\t\t\t\t\t\t\t\t\t\t\t<svg viewBox=\"0 0 448 512\" xmlns=\"http:\/\/www.w3.org\/2000\/svg\"><path d=\"M416 208H272V64c0-17.67-14.33-32-32-32h-32c-17.67 0-32 14.33-32 32v144H32c-17.67 0-32 14.33-32 32v32c0 17.67 14.33 32 32 32h144v144c0 17.67 14.33 32 32 32h32c17.67 0 32-14.33 32-32V304h144c17.67 0 32-14.33 32-32v-32c0-17.67-14.33-32-32-32z\"><\/path><\/svg><br \/>\n\t\t\t\t\t\t\t\t<svg viewBox=\"0 0 448 512\" xmlns=\"http:\/\/www.w3.org\/2000\/svg\"><path d=\"M416 208H32c-17.67 0-32 14.33-32 32v32c0 17.67 14.33 32 32 32h384c17.67 0 32-14.33 32-32v-32c0-17.67-14.33-32-32-32z\"><\/path><\/svg><br \/>\n\t\t\t\t\t\t\t\t\t\t\t\t<a tabindex=\"0\">Who can benefit from innovation coaching?<\/a><br \/>\n\t\t\t\t\t<\/h6>\n<p>Executives, department heads, and project managers who lead innovation projects or want to foster an innovation-driven corporate culture benefit the most.<\/p>\n<h6 id=\"elementor-tab-title-1643\" data-tab=\"3\" role=\"button\" aria-controls=\"elementor-tab-content-1643\" aria-expanded=\"false\">\n\t\t\t\t\t\t\t\t\t\t\t\t\t\t\t<svg viewBox=\"0 0 448 512\" xmlns=\"http:\/\/www.w3.org\/2000\/svg\"><path d=\"M416 208H272V64c0-17.67-14.33-32-32-32h-32c-17.67 0-32 14.33-32 32v144H32c-17.67 0-32 14.33-32 32v32c0 17.67 14.33 32 32 32h144v144c0 17.67 14.33 32 32 32h32c17.67 0 32-14.33 32-32V304h144c17.67 0 32-14.33 32-32v-32c0-17.67-14.33-32-32-32z\"><\/path><\/svg><br \/>\n\t\t\t\t\t\t\t\t<svg viewBox=\"0 0 448 512\" xmlns=\"http:\/\/www.w3.org\/2000\/svg\"><path d=\"M416 208H32c-17.67 0-32 14.33-32 32v32c0 17.67 14.33 32 32 32h384c17.67 0 32-14.33 32-32v-32c0-17.67-14.33-32-32-32z\"><\/path><\/svg><br \/>\n\t\t\t\t\t\t\t\t\t\t\t\t<a tabindex=\"0\">How is the success of innovation coaching measured?<\/a><br \/>\n\t\t\t\t\t<\/h6>\n<p>Success is measured by progress in the defined innovation projects, the implementation of change management plans, and the achievement of the coaching goals.<\/p>\n<h6 id=\"elementor-tab-title-1644\" data-tab=\"4\" role=\"button\" aria-controls=\"elementor-tab-content-1644\" aria-expanded=\"false\">\n\t\t\t\t\t\t\t\t\t\t\t\t\t\t\t<svg viewBox=\"0 0 448 512\" xmlns=\"http:\/\/www.w3.org\/2000\/svg\"><path d=\"M416 208H272V64c0-17.67-14.33-32-32-32h-32c-17.67 0-32 14.33-32 32v144H32c-17.67 0-32 14.33-32 32v32c0 17.67 14.33 32 32 32h144v144c0 17.67 14.33 32 32 32h32c17.67 0 32-14.33 32-32V304h144c17.67 0 32-14.33 32-32v-32c0-17.67-14.33-32-32-32z\"><\/path><\/svg><br \/>\n\t\t\t\t\t\t\t\t<svg viewBox=\"0 0 448 512\" xmlns=\"http:\/\/www.w3.org\/2000\/svg\"><path d=\"M416 208H32c-17.67 0-32 14.33-32 32v32c0 17.67 14.33 32 32 32h384c17.67 0 32-14.33 32-32v-32c0-17.67-14.33-32-32-32z\"><\/path><\/svg><br \/>\n\t\t\t\t\t\t\t\t\t\t\t\t<a tabindex=\"0\">How often do the coaching sessions take place?<\/a><br \/>\n\t\t\t\t\t<\/h6>\n<p>The frequency varies depending on need, but can be weekly, biweekly, or monthly, depending on the project requirements.<\/p>\n<h2>Added value<\/h2>\n<h3>\n\t\t\t\t\t\t\tFostering a sustainable innovation culture<br \/>\n\t\t\t\t\t<\/h3>\n<p>\n\t\t\t\t\t\tTargeted coaching creates a culture that establishes innovation as an integral part of organisational life.\n\t\t\t\t\t<\/p>\n<h3>\n\t\t\t\t\t\t\tImproving leadership and team capabilities<br \/>\n\t\t\t\t\t<\/h3>\n<p>\n\t\t\t\t\t\tExecutives and teams are strengthened in their ability to successfully lead and implement innovation processes.\n\t\t\t\t\t<\/p>\n<h3>\n\t\t\t\t\t\t\tIncreasing effectiveness and efficiency in innovation projects<br \/>\n\t\t\t\t\t<\/h3>\n<p>\n\t\t\t\t\t\tCoaching enables innovation projects to be implemented faster and more successfully, leading to better results and greater efficiency.\n\t\t\t\t\t<\/p>\n<h2>Target groups and contacts<\/h2>\n<h3>\n\t\t\t\t\t\t\tStartups<br \/>\n\t\t\t\t\t<\/h3>\n<p>\n\t\t\t\t\t\tFounders, CEOs, executives\n\t\t\t\t\t<\/p>\n<h3>\n\t\t\t\t\t\t\tSMEs<br \/>\n\t\t\t\t\t<\/h3>\n<p>\n\t\t\t\t\t\tManaging directors, department heads, team leaders\n\t\t\t\t\t<\/p>\n<h3>\n\t\t\t\t\t\t\tCorporations<br \/>\n\t\t\t\t\t<\/h3>\n<p>\n\t\t\t\t\t\tBoard members, department heads, Chief Innovation Officer (CIO)\n\t\t\t\t\t<\/p>\n<p>\t\t\t\t\t\t\t\t\t\t\t\t\t\t\t<img loading=\"lazy\" decoding=\"async\" width=\"1280\" height=\"853\" src=\"https:\/\/pointofnew.at\/wp-content\/uploads\/2024\/08\/Gross-business-consulting-meeting-working-and-brainstorm-2023-11-27-05-26-11-utc.webp\" alt=\"Zwei Menschen arbeiten gemeinsam am Schreibtisch und besprechen Kostenkalulationen von Gesch\u00e4ftsmodellen\" srcset=\"https:\/\/pointofnew.at\/wp-content\/uploads\/2024\/08\/Gross-business-consulting-meeting-working-and-brainstorm-2023-11-27-05-26-11-utc.webp 1280w, https:\/\/pointofnew.at\/wp-content\/uploads\/2024\/08\/Gross-business-consulting-meeting-working-and-brainstorm-2023-11-27-05-26-11-utc-768x512.jpeg 768w, https:\/\/pointofnew.at\/wp-content\/uploads\/2024\/08\/Gross-business-consulting-meeting-working-and-brainstorm-2023-11-27-05-26-11-utc-370x247.jpeg 370w, https:\/\/pointofnew.at\/wp-content\/uploads\/2024\/08\/Gross-business-consulting-meeting-working-and-brainstorm-2023-11-27-05-26-11-utc-840x560.webp 840w, https:\/\/pointofnew.at\/wp-content\/uploads\/2024\/08\/Gross-business-consulting-meeting-working-and-brainstorm-2023-11-27-05-26-11-utc-410x273.jpeg 410w\" sizes=\"(max-width: 1280px) 100vw, 1280px\" \/>\t\t\t\t\t\t\t\t\t\t\t\t\t\t\t<\/p>\n<h2>Pricing models<\/h2>\n<h3>\n\t\t\t\t\t\t\tOne-to-one coaching<br \/>\n\t\t\t\t\t<\/h3>\n<p>\n\t\t\t\t\t\tfrom EUR 200 per hour\n\t\t\t\t\t<\/p>\n<h3>\n\t\t\t\t\t\t\tCoaching packages<br \/>\n\t\t\t\t\t<\/h3>\n<p>\n\t\t\t\t\t\tfrom EUR 1,500 for ten hours of coaching\n\t\t\t\t\t<\/p>\n<h3>\n\t\t\t\t\t\t\tMonthly retainer<br \/>\n\t\t\t\t\t<\/h3>\n<p>\n\t\t\t\t\t\tfrom EUR 1,000 for ongoing support and regular coaching sessions for a monthly fee.\n\t\t\t\t\t<\/p>\n<p>\t\t\t\t\t<a href=\"#kontakt\" >Request coaching now!<\/a><br \/>\n\t\t\t\t\t\t\t\t\t\t\t\t\t\t\t<img loading=\"lazy\" decoding=\"async\" width=\"960\" height=\"960\" src=\"https:\/\/pointofnew.at\/wp-content\/uploads\/2024\/08\/bene-pic-linkedin-1.webp\" alt=\"DI (FH) Benedikt Hasibeder\" srcset=\"https:\/\/pointofnew.at\/wp-content\/uploads\/2024\/08\/bene-pic-linkedin-1.webp 960w, https:\/\/pointofnew.at\/wp-content\/uploads\/2024\/08\/bene-pic-linkedin-1-768x768.jpg 768w, https:\/\/pointofnew.at\/wp-content\/uploads\/2024\/08\/bene-pic-linkedin-1-370x370.jpg 370w, https:\/\/pointofnew.at\/wp-content\/uploads\/2024\/08\/bene-pic-linkedin-1-120x120.jpg 120w, https:\/\/pointofnew.at\/wp-content\/uploads\/2024\/08\/bene-pic-linkedin-1-840x840.webp 840w, https:\/\/pointofnew.at\/wp-content\/uploads\/2024\/08\/bene-pic-linkedin-1-410x410.jpg 410w\" sizes=\"(max-width: 960px) 100vw, 960px\" \/><br \/>\n\t\t\t\t\tContact us now<\/p>\n<h2\n\t\t\t>Get in touch!<\/h2>\n<p>Ready to take the next step in your innovation journey? Contact us today. Whether you have questions about our services or would like to schedule a consultation \u2013 our team is at your disposal. Let us shape the future of your company together.   <\/p>\n<form id=\"wpforms-form-24342\" data-formid=\"24342\" method=\"post\" enctype=\"multipart\/form-data\" action=\"\/wp-json\/wpml\/tm\/v1\/ate\/jobs\/download\" data-token=\"cb029e4f709b91b291c6503e8d779c31\" data-token-time=\"1771508215\"><noscript>Bitte aktiviere JavaScript in deinem Browser, um dieses Formular fertigzustellen.<\/noscript><label for=\"wpforms-24342-field_2\">Vorname *<\/label><input type=\"text\" id=\"wpforms-24342-field_2\" name=\"wpforms[fields][2]\" placeholder=\"Vorname\" required><label for=\"wpforms-24342-field_3\">Nachname *<\/label><input type=\"text\" id=\"wpforms-24342-field_3\" name=\"wpforms[fields][3]\" placeholder=\"Nachname\" required><label for=\"wpforms-24342-field_4\">E-Mail-Adresse *<\/label><input type=\"email\" id=\"wpforms-24342-field_4\" name=\"wpforms[fields][4]\" placeholder=\"Email\" spellcheck=\"false\" required><label for=\"wpforms-24342-field_6\">Telefon<\/label><input type=\"text\" id=\"wpforms-24342-field_6\" name=\"wpforms[fields][6]\" placeholder=\"Telefon\" ><label for=\"wpforms-24342-field_7\">Nachricht<\/label><textarea id=\"wpforms-24342-field_7\" name=\"wpforms[fields][7]\" placeholder=\"Nachricht\" ><\/textarea><!-- .wpforms-field-container --><input type=\"hidden\" name=\"wpforms[recaptcha]\" value=\"\"><input type=\"hidden\" name=\"wpforms[id]\" value=\"24342\">\t\t\t<input\n\t\t\t\ttype=\"hidden\"\n\t\t\t\tname=\"wpforms[nonce]\"\n\t\t\t\tvalue=\"bd549602eb\"\n\t\t\t\/><br \/>\n\t\t\t<input type=\"hidden\" name=\"page_title\" value=\"\"><input type=\"hidden\" name=\"page_url\" value=\"https:\/\/pointofnew.at\/wp-json\/wpml\/tm\/v1\/ate\/jobs\/download\"><button type=\"submit\" name=\"wpforms[submit]\" id=\"wpforms-submit-24342\" data-alt-text=\"Wird gesendet\u00a0\u2026\" data-submit-text=\"Senden\" aria-live=\"assertive\" value=\"wpforms-submit\">Senden<\/button><img loading=\"lazy\" decoding=\"async\" src=\"https:\/\/pointofnew.at\/wp-content\/plugins\/wpforms\/assets\/images\/submit-spin.svg\" style=\"display: none;\" width=\"26\" height=\"26\" alt=\"Wird geladen\"><\/form>\n<p>  <!-- .wpforms-container --><\/p>\n","protected":false},"excerpt":{"rendered":"<p>Our tailored innovation coaching provides targeted support for executives and teams to foster an innovation-driven culture and successfully implement innovation projects. Through one-to-one and team coaching, strategic consulting, change management,&hellip;<\/p>\n","protected":false},"author":1,"featured_media":24973,"parent":25039,"menu_order":0,"comment_status":"closed","ping_status":"closed","template":"","meta":{"footnotes":""},"class_list":["post-24972","page","type-page","status-publish","has-post-thumbnail","hentry"],"featured_image_src":"https:\/\/pointofnew.at\/wp-content\/uploads\/2024\/08\/Gross-businesswoman-working-on-laptop-in-meeting-2023-11-27-05-21-56-utc.webp","_links":{"self":[{"href":"https:\/\/pointofnew.at\/en\/wp-json\/wp\/v2\/pages\/24972","targetHints":{"allow":["GET"]}}],"collection":[{"href":"https:\/\/pointofnew.at\/en\/wp-json\/wp\/v2\/pages"}],"about":[{"href":"https:\/\/pointofnew.at\/en\/wp-json\/wp\/v2\/types\/page"}],"author":[{"embeddable":true,"href":"https:\/\/pointofnew.at\/en\/wp-json\/wp\/v2\/users\/1"}],"replies":[{"embeddable":true,"href":"https:\/\/pointofnew.at\/en\/wp-json\/wp\/v2\/comments?post=24972"}],"version-history":[{"count":2,"href":"https:\/\/pointofnew.at\/en\/wp-json\/wp\/v2\/pages\/24972\/revisions"}],"predecessor-version":[{"id":27330,"href":"https:\/\/pointofnew.at\/en\/wp-json\/wp\/v2\/pages\/24972\/revisions\/27330"}],"up":[{"embeddable":true,"href":"https:\/\/pointofnew.at\/en\/wp-json\/wp\/v2\/pages\/25039"}],"wp:featuredmedia":[{"embeddable":true,"href":"https:\/\/pointofnew.at\/en\/wp-json\/wp\/v2\/media\/24973"}],"wp:attachment":[{"href":"https:\/\/pointofnew.at\/en\/wp-json\/wp\/v2\/media?parent=24972"}],"curies":[{"name":"wp","href":"https:\/\/api.w.org\/{rel}","templated":true}]}}