{"id":25021,"date":"2024-08-28T15:53:50","date_gmt":"2024-08-28T13:53:50","guid":{"rendered":"https:\/\/pointofnew.at\/innovation-consulting-package-for-smes\/"},"modified":"2026-03-06T12:05:54","modified_gmt":"2026-03-06T10:05:54","slug":"innovation-consulting-package-for-smes","status":"publish","type":"page","link":"https:\/\/pointofnew.at\/en\/business-model-innovation-services\/innovation-consulting-package-for-smes\/","title":{"rendered":"Innovation Consulting Package for SMEs"},"content":{"rendered":"<p>Unser Innovation Beratung Paket bietet kleinen und mittleren Unternehmen (KMUs) eine umfassende 3-monatige Unterst\u00fctzung zur Analyse, Optimierung und Implementierung innovativer Gesch\u00e4ftsmodelle. Dieses strukturierte Beratungsangebot zielt darauf ab, Ihr aktuelles Gesch\u00e4ftsmodell zu evaluieren, Verbesserungspotenziale zu identifizieren und konkrete Ma\u00dfnahmen f\u00fcr eine nachhaltige Weiterentwicklung zu implementieren.<\/p>\n<p>\t\t\t\t\tZielgruppe<\/p>\n<h2>Laufzeit 3 Monate<\/h2>\n<p>Kleine und mittlere Unternehmen (KMUs)<\/p>\n<h5>Monat 1: Analyse und Zielsetzung<\/h5>\n<ul>\n<li><b>Kick-off-Workshop (1 Tag)<\/b><\/li>\n<li style=\"list-style-type: none\">\n<ul>\n<li style=\"font-weight: 400\">Einf\u00fchrung in das Business Model Canvas<\/li>\n<li style=\"font-weight: 400\">Festlegung der Ziele des Projekts<\/li>\n<li style=\"font-weight: 400\">Kennenlernen des Projektteams<\/li>\n<\/ul>\n<\/li>\n<li style=\"font-weight: 400\"><b>Datenerhebung und -analyse<\/b>\n<ul>\n<li style=\"font-weight: 400\">Sammeln und Auswerten von internen und externen Daten<\/li>\n<li style=\"font-weight: 400\">Erstellung eines Berichts zur aktuellen Situation<\/li>\n<\/ul>\n<\/li>\n<li style=\"font-weight: 400\"><b>Business Model Canvas-Workshop (Halbt\u00e4gig)<\/b>\n<ul>\n<li style=\"font-weight: 400\">Erstellung und Diskussion des aktuellen Business Model Canvas<\/li>\n<li style=\"font-weight: 400\">Erkennen von St\u00e4rken und Schw\u00e4chen im aktuellen Gesch\u00e4ftsmodell<\/li>\n<\/ul>\n<\/li>\n<\/ul>\n<h5>Monat 2: Identifizierung und Bewertung von Verbesserungspotenzialen<\/h5>\n<ul>\n<li style=\"font-weight: 400\"><b>SWOT-Analyse (Halbt\u00e4gig)<\/b>\n<ul>\n<li style=\"font-weight: 400\">Durchf\u00fchrung einer St\u00e4rken-Schw\u00e4chen-Chancen-Risiken-Analyse<\/li>\n<li style=\"font-weight: 400\">Erstellung eines SWOT-Berichts<\/li>\n<\/ul>\n<\/li>\n<li style=\"font-weight: 400\"><b>Kreativit\u00e4tsworkshop (1 Tag)<\/b>\n<ul>\n<li style=\"font-weight: 400\">Brainstorming- und Design Thinking-Sitzungen zur Ideengenerierung<\/li>\n<\/ul>\n<\/li>\n<li style=\"font-weight: 400\"><b>Bewertung und Priorisierung der Ideen (Halbt\u00e4gig)<\/b>\n<ul>\n<li style=\"font-weight: 400\">Bewertung nach Machbarkeit und potenziellem Nutzen<\/li>\n<li style=\"font-weight: 400\">Erstellen einer Priorit\u00e4tenliste basierend auf den Ergebnissen<\/li>\n<\/ul>\n<\/li>\n<\/ul>\n<h5>Monat 3: Entwicklung und Implementierung<\/h5>\n<ul>\n<li><b>Entwicklung eines verbesserten Business Model Canvas (Halbt\u00e4gig)<\/b>\n<ul>\n<li>Integration der identifizierten Verbesserungsideen in das Business Model Canvas<\/li>\n<\/ul>\n<\/li>\n<li><b>Implementierungsplan (1 Tag)<\/b>\n<ul>\n<li>Erstellen eines detaillierten Plans zur Umsetzung der neuen Gesch\u00e4ftsmodellelemente<\/li>\n<\/ul>\n<\/li>\n<li><b>Abschlusspr\u00e4sentation (Halbt\u00e4gig)<\/b>\n<ul>\n<li>Pr\u00e4sentation der Ergebnisse, des neuen Gesch\u00e4ftsmodells und der n\u00e4chsten Schritte<\/li>\n<li>Detaillierte Empfehlungen zur Umsetzung und \u00dcberwachung<\/li>\n<\/ul>\n<\/li>\n<\/ul>\n<h2>Klare Ergebnisse<\/h2>\n<p>Unser Innovation Beratung Paket f\u00fcr KMUs liefert Ihnen strukturierte und umsetzbare Ergebnisse, die speziell auf die Bed\u00fcrfnisse kleiner und mittlerer Unternehmen zugeschnitten sind. \u00dcber den dreimonatigen Beratungszeitraum erhalten Sie:<\/p>\n<h3>\n\t\t\t\t\t\t\tAktuelle Situationsanalyse<br \/>\n\t\t\t\t\t<\/h3>\n<p>\n\t\t\t\t\t\tEine detaillierte Analyse Ihres bestehenden Gesch\u00e4ftsmodells und Ihrer Marktposition, die St\u00e4rken, Schw\u00e4chen und Potenziale offenlegt.\t\t\t\t\t<\/p>\n<h3>\n\t\t\t\t\t\t\tInnovatives Business Model Canvas<br \/>\n\t\t\t\t\t<\/h3>\n<p>\n\t\t\t\t\t\tEin aktualisiertes und verbessertes Gesch\u00e4ftsmodell, das auf Basis der identifizierten Verbesserungspotenziale erstellt und visualisiert wird.\t\t\t\t\t<\/p>\n<h3>\n\t\t\t\t\t\t\tKreative Ideenliste<br \/>\n\t\t\t\t\t<\/h3>\n<p>\n\t\t\t\t\t\tEine priorisierte Liste von innovativen Ideen und Konzepten, die in einem gemeinsamen Workshop entwickelt wurden und sofort umsetzbar sind.\t\t\t\t\t<\/p>\n<h3>\n\t\t\t\t\t\t\tImplementierungs- und Aktionsplan<br \/>\n\t\t\t\t\t<\/h3>\n<p>\n\t\t\t\t\t\tEin klar definierter Plan, der die schrittweise Umsetzung der neuen Gesch\u00e4ftsmodellelemente beschreibt, inklusive detaillierter Zeitrahmen, Verantwortlichkeiten und Ressourcenplanung.\t\t\t\t\t<\/p>\n<p>Diese Ergebnisse helfen Ihnen, Ihre Innovationsprojekte systematisch anzugehen und nachhaltige Verbesserungen in Ihrem Unternehmen zu erzielen.<\/p>\n<p>\t\t\t\t\t\t\t\t\t\t\t\t\t\t\t<img fetchpriority=\"high\" decoding=\"async\" width=\"960\" height=\"960\" src=\"https:\/\/pointofnew.at\/wp-content\/uploads\/2024\/08\/bene-pic-linkedin-1.webp\" alt=\"DI (FH) Benedikt Hasibeder\" srcset=\"https:\/\/pointofnew.at\/wp-content\/uploads\/2024\/08\/bene-pic-linkedin-1.webp 960w, https:\/\/pointofnew.at\/wp-content\/uploads\/2024\/08\/bene-pic-linkedin-1-768x768.jpg 768w, https:\/\/pointofnew.at\/wp-content\/uploads\/2024\/08\/bene-pic-linkedin-1-370x370.jpg 370w, https:\/\/pointofnew.at\/wp-content\/uploads\/2024\/08\/bene-pic-linkedin-1-120x120.jpg 120w, https:\/\/pointofnew.at\/wp-content\/uploads\/2024\/08\/bene-pic-linkedin-1-840x840.webp 840w, https:\/\/pointofnew.at\/wp-content\/uploads\/2024\/08\/bene-pic-linkedin-1-410x410.jpg 410w\" sizes=\"(max-width: 960px) 100vw, 960px\" \/><br \/>\n\t\t\t\t\tJetzt Kontakt aufnehmen<\/p>\n<h2>Get in touch!<\/h2>\n<p>Bereit, den n\u00e4chsten Schritt in Ihrer Innovationsreise zu machen? Kontaktieren Sie uns noch heute. Egal, ob Sie Fragen zu unseren Dienstleistungen haben oder eine Beratung vereinbaren m\u00f6chten \u2013 unser Team steht Ihnen zur Verf\u00fcgung. Lassen Sie uns gemeinsam die Zukunft Ihres Unternehmens gestalten.<\/p>\n<p>\t\tBitte aktiviere JavaScript in deinem Browser, um dieses Formular fertigzustellen.<label for=\"wpforms-24342-field_2\">Vorname *<\/label><label for=\"wpforms-24342-field_3\">Nachname *<\/label><label for=\"wpforms-24342-field_4\">E-Mail-Adresse *<\/label><label for=\"wpforms-24342-field_6\">Telefon<\/label><label for=\"wpforms-24342-field_7\">Nachricht<\/label><textarea id=\"wpforms-24342-field_7\" name=\"wpforms[fields][7]\"><\/textarea><!-- .wpforms-field-container --><br \/>\n\t\t\t<button type=\"submit\" name=\"wpforms[submit]\" id=\"wpforms-submit-24342\" data-alt-text=\"Wird gesendet\u00a0\u2026\" data-submit-text=\"Senden\" aria-live=\"assertive\" value=\"wpforms-submit\">Senden<\/button><img decoding=\"async\" src=\"https:\/\/pointofnew.at\/wp-content\/plugins\/wpforms\/assets\/images\/submit-spin.svg\" width=\"26\" height=\"26\" alt=\"Wird geladen\">  <!-- .wpforms-container --><\/p>\n","protected":false},"excerpt":{"rendered":"<p>Unser Innovation Beratung Paket bietet kleinen und mittleren Unternehmen (KMUs) eine umfassende 3-monatige Unterst\u00fctzung zur Analyse, Optimierung und Implementierung innovativer Gesch\u00e4ftsmodelle. Dieses strukturierte Beratungsangebot zielt darauf ab, Ihr aktuelles Gesch\u00e4ftsmodell&hellip;<\/p>\n","protected":false},"author":1,"featured_media":24807,"parent":25039,"menu_order":0,"comment_status":"closed","ping_status":"closed","template":"","meta":{"footnotes":""},"class_list":["post-25021","page","type-page","status-publish","has-post-thumbnail","hentry"],"featured_image_src":"https:\/\/pointofnew.at\/wp-content\/uploads\/2024\/08\/Gross-happy-casual-business-team-in-meeting-2023-11-27-05-02-57-utc.webp","_links":{"self":[{"href":"https:\/\/pointofnew.at\/en\/wp-json\/wp\/v2\/pages\/25021","targetHints":{"allow":["GET"]}}],"collection":[{"href":"https:\/\/pointofnew.at\/en\/wp-json\/wp\/v2\/pages"}],"about":[{"href":"https:\/\/pointofnew.at\/en\/wp-json\/wp\/v2\/types\/page"}],"author":[{"embeddable":true,"href":"https:\/\/pointofnew.at\/en\/wp-json\/wp\/v2\/users\/1"}],"replies":[{"embeddable":true,"href":"https:\/\/pointofnew.at\/en\/wp-json\/wp\/v2\/comments?post=25021"}],"version-history":[{"count":7,"href":"https:\/\/pointofnew.at\/en\/wp-json\/wp\/v2\/pages\/25021\/revisions"}],"predecessor-version":[{"id":26295,"href":"https:\/\/pointofnew.at\/en\/wp-json\/wp\/v2\/pages\/25021\/revisions\/26295"}],"up":[{"embeddable":true,"href":"https:\/\/pointofnew.at\/en\/wp-json\/wp\/v2\/pages\/25039"}],"wp:featuredmedia":[{"embeddable":true,"href":"https:\/\/pointofnew.at\/en\/wp-json\/wp\/v2\/media\/24807"}],"wp:attachment":[{"href":"https:\/\/pointofnew.at\/en\/wp-json\/wp\/v2\/media?parent=25021"}],"curies":[{"name":"wp","href":"https:\/\/api.w.org\/{rel}","templated":true}]}}